{"id":137,"date":"2020-01-16T15:14:02","date_gmt":"2020-01-16T14:14:02","guid":{"rendered":"https:\/\/svatarodina.fara.sk\/?page_id=137"},"modified":"2020-01-16T15:14:02","modified_gmt":"2020-01-16T14:14:02","slug":"ruzencove-bratstvo-jana-pavla-ii","status":"publish","type":"page","link":"https:\/\/svatarodina.fara.sk\/?page_id=137","title":{"rendered":"Ru\u017eencov\u00e9 bratstvo J\u00e1na Pavla II."},"content":{"rendered":"\n<blockquote class=\"wp-block-quote\"><p><em>\u201eRu\u017eenec je mojou najob\u013e\u00fabenej\u0161ou modlitbou.\u201c <\/em>(bl. J\u00e1n Pavol II.)<\/p><\/blockquote>\n\n\n\n<p>Podstata ru\u017eenca \u2013 spolu s M\u00e1riou kr\u00e1\u010dame po stop\u00e1ch Je\u017ei\u0161a<\/p>\n\n\n\n<p>V na\u0161ej farnosti sa zi\u0161la 20 \u2013 \u010dlenn\u00e1 skupina veriacich, ktor\u00e1 prejavila ochotu a z\u00e1ujem o modlitbu posv\u00e4tn\u00e9ho ru\u017eenca. T\u00fato modlitbu posv\u00e4tn\u00e9ho ru\u017eenca sme uviedli do \u010dinnosti d\u0148a 01. m\u00e1ja .2010, rozdelen\u00edm jednotliv\u00fdch tajomstiev.<\/p>\n\n\n\n<p>\u00damyslom tejto 20 \u2013 \u010dlennej skupiny veriacich, v spolupr\u00e1ci s duchovn\u00fdm otcom farnosti Mgr. Jozefom D\u00facom, bolo roz\u0161\u00edri\u0165 ru\u017eencov\u00e9 spolo\u010denstvo o \u010fal\u0161\u00edch \u010dlenov. Preto vdp. far\u00e1r D\u00fac obozn\u00e1mil veriacich o mo\u017enosti zapoji\u0165 sa do ru\u017eencov\u00e9ho spolo\u010denstva a zabezpe\u010dil stretnutie s p\u00e1trom Martinom Kolivo\u0161kom OP.<\/p>\n\n\n\n<p>Stretnutie sa ukuto\u010dnilo 20. j\u00fana 2O1O. P\u00e1ter n\u00e1s informoval, usmernil a povzbudil k modlitbe posv\u00e4tn\u00e9ho ru\u017eenca.<\/p>\n\n\n\n<p><em>7. okt\u00f3ber 2010 Ru\u017eencov\u00e9 bratstvo J\u00e1na Pavla II. s&nbsp;Bo\u017eou &nbsp;pomocou a&nbsp;Zakladacou listinou uveden\u00e9 do \u010dinnosti.<\/em><\/p>\n\n\n\n<p>Horlite\u013e Ru\u017eencov\u00e9ho bratstva <em>Helena Ki\u0161\u0161ov\u00e1<\/em><br>Horlite\u013e ru\u017ee \u010d\u00edslo 1<em>. &nbsp;&nbsp;Helena Ki\u0161\u0161ov\u00e1<\/em><br>Horlite\u013e ru\u017ee \u010d\u00edslo 2. &nbsp;&nbsp;<em>Milada Sime\u00f3nov\u00e1<\/em><br>Horlite\u013e ru\u017ee \u010d\u00edslo 3. &nbsp;&nbsp;<em>Marta Fedorcov\u00e1<\/em><br>Horlite\u013e ru\u017ee \u010d\u00edslo 4. &nbsp;&nbsp;<em>Ter\u00e9zia Morav\u010d\u00edkov\u00e1<\/em><br>Horlite\u013e ru\u017ee \u010d\u00edslo 5. &nbsp;&nbsp;<em>Patrik Ba\u0148as<\/em><br>Pokladn\u00edk&nbsp;&nbsp;&nbsp;&nbsp;&nbsp;&nbsp;&nbsp;&nbsp;&nbsp;&nbsp;&nbsp;&nbsp;&nbsp;&nbsp;&nbsp;&nbsp;&nbsp;&nbsp; <em>Kl\u00e1ra Gr\u0148ov\u00e1<\/em><\/p>\n\n\n\n<p>Stretnutie RB a&nbsp;v\u00fdmena ru\u017eencov\u00fdch tajomstiev je ka\u017ed\u00fa prv\u00fa sobotu v&nbsp;mesiaci (7:30).<br>Ka\u017ed\u00fd druh\u00fd pondelok v&nbsp;mesiaci RB pripravuje ador\u00e1ciu.<\/p>\n\n\n\n<p><strong>\u00da\u010del zalo\u017eenia Ru\u017eencov\u00e9ho bratstva<\/strong><\/p>\n\n\n\n<p>1. Ru\u017eencov\u00e9 bratstvo tvor\u00ed spolo\u010denstvo duchovne zjednoten\u00fdch veriacich s \u00famyslom prosi\u0165 a osobitne uctieva\u0165 preblahoslaven\u00fa Pannu M\u00e1riu, Kr\u00e1\u013eovn\u00fa posv\u00e4tn\u00e9ho ru\u017eenca, ktorej \u0161\u00edrite\u013eom z poverenia od \u010dias sv. Pia V. je Reho\u013ea dominik\u00e1nov.<\/p>\n\n\n\n<p>2. Veriaci, ktor\u00ed s\u00fa \u010dlenmi Ru\u017eencov\u00e9ho bratstva, \u010di u\u017e praktizuj\u00fa formu modlitby \u017div\u00e9ho ru\u017eenca, Sv\u00e4t\u00e9ho ru\u017eenca alebo Ve\u010dn\u00e9ho ru\u017eenca, s\u00fa pri\u010dlenen\u00ed k Dominik\u00e1nskej rodine.<\/p>\n\n\n\n<p>3. Cie\u013eom je sp\u00e1sa du\u0161\u00ed, neust\u00e1ly pokrok \u010dlenov Ru\u017eencov\u00e9ho bratstva na ceste ku kres\u0165anskej dokonalosti a \u0161\u00edrenie mari\u00e1nskej \u00facty.<\/p>\n\n\n\n<p><strong>\u010clen \u017div\u00e9ho ru\u017eenca:<\/strong><\/p>\n\n\n\n<p>&#8211; je povinn\u00fd modli\u0165 sa ka\u017ed\u00fd de\u0148 jeden desiatok posv\u00e4tn\u00e9ho ru\u017eenca na \u00famysel za obr\u00e1tenie hrie\u0161nikov, za \u017eiv\u00fdch i zosnul\u00fdch \u010dlenov Ru\u017eencov\u00e9ho bratstva, za Reho\u013eu dominik\u00e1nov, za svoju farnos\u0165 a za svojich duchovn\u00fdch pastierov (biskupov a k\u0148azov). K&nbsp;t\u00fdmto \u00famyslom je mo\u017en\u00e9 prida\u0165 aj \u010fal\u0161ie. Jedenkr\u00e1t v&nbsp;mesiaci sa stretn\u00fa\u0165 na spolo\u010dnej modlitbe posv\u00e4tn\u00e9ho ru\u017eenca s&nbsp;ostatn\u00fdmi \u010dlenmi \u017div\u00e9ho ru\u017eenca, kde si vymenia ru\u017eencov\u00e9 tajomstv\u00e1.<\/p>\n\n\n\n<p><strong>\u010clen Sv\u00e4t\u00e9ho ru\u017eenca:<\/strong><\/p>\n\n\n\n<p>&#8211; je povinn\u00fd modli\u0165 sa cel\u00fd posv\u00e4tn\u00fd ru\u017eenec (tajomstv\u00e1 radostn\u00e9, svetla, bolestn\u00e9, sl\u00e1vnostn\u00e9) za jeden t\u00fd\u017ede\u0148, na \u00famysel za obr\u00e1tenie hrie\u0161nikov, za \u017eiv\u00fdch i zosnul\u00fdch \u010dlenov Ru\u017eencov\u00e9ho bratstva, za Reho\u013eu dominik\u00e1nov, za svoju farnos\u0165 a za svojich duchovn\u00fdch pastierov (biskupov a k\u0148azov)<\/p>\n\n\n\n<p><strong>\u010clen Ve\u010dn\u00e9ho ru\u017eenca:<\/strong><\/p>\n\n\n\n<p>&#8211; je povinn\u00fd raz za jeden mesiac alebo raz za rok si zvoli\u0165 \u201e\u010das bdenia\u201c, kedy sa pomodl\u00ed cel\u00fd posv\u00e4tn\u00fd ru\u017eenec ( t.j. najprv radostn\u00e9 tajomstv\u00e1, potom svetla, bolestn\u00e9, nakoniec sl\u00e1vnostn\u00e9) , na \u00famysel za obr\u00e1tenie hrie\u0161nikov, za \u010distotu viery a ohlasovate\u013eov evanjelia, za ve\u010dn\u00fa sp\u00e1su umieraj\u00facich, za vyslobodenie du\u0161\u00ed z o\u010distca.<\/p>\n\n\n\n<p>P\u00e1pe\u017e Gregor XVI. odpor\u00fa\u010dal modlitbu posv\u00e4tn\u00e9ho ru\u017eenca nasleduj\u00facimi slovami:<\/p>\n\n\n\n<blockquote class=\"wp-block-quote\"><p><br>\u201eD\u00fafame, \u017ee s pomocou Bo\u017eou to bude prospe\u0161n\u00e9 nielen preto, aby sa prosebn\u00e1 modlitba k Panne M\u00e1rii, vhodn\u00e1 k jej chv\u00e1le, \u0161\u00edrila v\u017edy a v\u0161ade u\u017e pre jej jednoduchos\u0165, ale aj preto, aby sa zv\u00e4\u010d\u0161ila jej moc pre mnoh\u00fdch prosiacich a aby sa pr\u00edjemnej\u0161ie niesla k Bohu, lebo on je naklonen\u00fd zmilova\u0165 sa a da\u0165 svoju milos\u0165, ak ho o to v spolo\u010dnej modlitbe pros\u00edme.\u201c<\/p><\/blockquote>\n\n\n\n<p>Pripravila: <em>Helena Ki\u0161\u0161ov\u00e1, horlite\u013e Ru\u017eencv\u00e9ho bratstva<\/em><\/p>\n","protected":false},"excerpt":{"rendered":"<p>\u201eRu\u017eenec je mojou najob\u013e\u00fabenej\u0161ou modlitbou.\u201c (bl. J\u00e1n Pavol II.) Podstata ru\u017eenca \u2013 spolu s M\u00e1riou kr\u00e1\u010dame po stop\u00e1ch Je\u017ei\u0161a V na\u0161ej farnosti sa zi\u0161la 20 \u2013 \u010dlenn\u00e1 skupina veriacich, ktor\u00e1 prejavila ochotu a z\u00e1ujem o modlitbu posv\u00e4tn\u00e9ho ru\u017eenca. T\u00fato modlitbu posv\u00e4tn\u00e9ho ru\u017eenca sme uviedli do \u010dinnosti d\u0148a 01. m\u00e1ja .2010, rozdelen\u00edm jednotliv\u00fdch tajomstiev. \u00damyslom tejto<\/p>\n","protected":false},"author":1,"featured_media":0,"parent":0,"menu_order":0,"comment_status":"closed","ping_status":"closed","template":"","meta":{"footnotes":""},"_links":{"self":[{"href":"https:\/\/svatarodina.fara.sk\/index.php?rest_route=\/wp\/v2\/pages\/137"}],"collection":[{"href":"https:\/\/svatarodina.fara.sk\/index.php?rest_route=\/wp\/v2\/pages"}],"about":[{"href":"https:\/\/svatarodina.fara.sk\/index.php?rest_route=\/wp\/v2\/types\/page"}],"author":[{"embeddable":true,"href":"https:\/\/svatarodina.fara.sk\/index.php?rest_route=\/wp\/v2\/users\/1"}],"replies":[{"embeddable":true,"href":"https:\/\/svatarodina.fara.sk\/index.php?rest_route=%2Fwp%2Fv2%2Fcomments&post=137"}],"version-history":[{"count":1,"href":"https:\/\/svatarodina.fara.sk\/index.php?rest_route=\/wp\/v2\/pages\/137\/revisions"}],"predecessor-version":[{"id":138,"href":"https:\/\/svatarodina.fara.sk\/index.php?rest_route=\/wp\/v2\/pages\/137\/revisions\/138"}],"wp:attachment":[{"href":"https:\/\/svatarodina.fara.sk\/index.php?rest_route=%2Fwp%2Fv2%2Fmedia&parent=137"}],"curies":[{"name":"wp","href":"https:\/\/api.w.org\/{rel}","templated":true}]}}