{"id":46,"date":"2020-01-16T13:15:37","date_gmt":"2020-01-16T12:15:37","guid":{"rendered":"https:\/\/svatarodina.fara.sk\/?page_id=46"},"modified":"2024-03-11T12:22:11","modified_gmt":"2024-03-11T11:22:11","slug":"kaplnka-v-starom-haji","status":"publish","type":"page","link":"https:\/\/svatarodina.fara.sk\/?page_id=46","title":{"rendered":"Kaplnka v Starom h\u00e1ji"},"content":{"rendered":"\n<p>\u00dazemie Star\u00e9ho h\u00e1ja patr\u00ed dvom petr\u017ealsk\u00fdm farnostiam; okrem tej na\u0161ej aj farnosti na Daliborovom n\u00e1mest\u00ed. &#8222;Deliacou \u010diarou&#8220; je Staroh\u00e1jska ulica. Ale ned\u00e1 sa nespomen\u00fa\u0165 mal\u00e1 kaplnka ne\u010faleko Dostihovej dr\u00e1hy, ktor\u00e1 je pamiatkou na to, \u010do si pre\u017eili p\u00f4vodn\u00ed obyvatelia Petr\u017ealky. Mnoh\u00ed aj na\u0161i farn\u00edci radi vyu\u017e\u00edvaj\u00fa lu\u017en\u00fd les\u00edk, resp. jeho pozostatok na v\u00edkendov\u00e9 popolud\u0148aj\u0161ie \u010di ve\u010dern\u00e9 prech\u00e1dzky, ale poriadne ani nevedia, okolo akej pamiatky prech\u00e1dzaj\u00fa.<\/p>\n\n\n<div class=\"wp-block-image\">\n<figure class=\"aligncenter size-large\"><img decoding=\"async\" loading=\"lazy\" width=\"683\" height=\"1024\" src=\"https:\/\/svatarodina.fara.sk\/wp-content\/uploads\/2024\/03\/2023-05-27.agsu_.navsteva7kostolovprint2t6a1046-683x1024.webp\" alt=\"\" class=\"wp-image-9494\" srcset=\"https:\/\/svatarodina.fara.sk\/wp-content\/uploads\/2024\/03\/2023-05-27.agsu_.navsteva7kostolovprint2t6a1046-683x1024.webp 683w, https:\/\/svatarodina.fara.sk\/wp-content\/uploads\/2024\/03\/2023-05-27.agsu_.navsteva7kostolovprint2t6a1046-200x300.webp 200w, https:\/\/svatarodina.fara.sk\/wp-content\/uploads\/2024\/03\/2023-05-27.agsu_.navsteva7kostolovprint2t6a1046.webp 720w\" sizes=\"(max-width: 683px) 100vw, 683px\" \/><\/figure><\/div>\n\n\n<p><\/p>\n\n\n\n<p>Nach\u00e1dzame sa na zvl\u00e1\u0161tnom a vz\u00e1cnom mieste Petr\u017ealky, ktor\u00e9 odkazuje na \u010das, kedy tu e\u0161te \u017eiadne s\u00eddlisko nest\u00e1lo. Bolo to pred 210 rokmi. V Petr\u017ealke t\u00fdch \u010dias, teda v Engerau \u010di Ligetfalu st\u00e1l vtedy u\u017e takmer storo\u010die kostol. Obyvatelia boli preva\u017ene katol\u00edci, \u017eili tu aj evanjelici augsbursk\u00e9ho vyznania. U\u017e Andr\u00e1s V\u00e1lyi sved\u010d\u00ed v druhej polovici 18. storo\u010dia, \u017ee tu p\u00f4sobil kapl\u00e1n a bol tu kostol zasv\u00e4ten\u00fd sv\u00e4t\u00e9mu J\u00e1novi. V janu\u00e1ri 1809. Bratislavu a predov\u0161etk\u00fdm Petr\u017ealku vtedy postihla najv\u00e4\u010d\u0161ia zn\u00e1ma \u013eadov\u00e1 povode\u0148. Prav\u00fd breh Dunaja voda zaplavila nato\u013eko, \u017ee nad jej hladinou zostali vy\u010dnieva\u0165 iba ve\u017ea kostola a strechy nieko\u013ek\u00fdch miestnych domov. Pod\u013ea s\u00fadob\u00fdch prame\u0148ov si \u017eiveln\u00e1 pohroma vy\u017eiadala \u017eivoty dvoch obyvateliek Petr\u017ealky, ktor\u00e9 sa nepodarilo v\u010das prepravi\u0165 na mestsk\u00fd breh. Miestni obyvatelia na\u0161li po svojom n\u00e1vrate v Petr\u017ealke v\u0161etko spusto\u0161en\u00e9. Iba pribli\u017ene p\u00e4\u0165 domov s pevn\u00fdmi z\u00e1kladmi, beztak v\u00e1\u017ene po\u0161koden\u00fdch, nazna\u010dovalo, \u017ee na tomto mieste kr\u00e1tko predt\u00fdm st\u00e1la obec. Ke\u010f voda celkom opadla, obyvatelia Petr\u017ealky za\u010dali s odstra\u0148ovan\u00edm \u0161k\u00f4d. Pri odprat\u00e1van\u00ed mno\u017estva predmetov, ktor\u00e9 povode\u0148 priplavila, bol v Starom h\u00e1ji n\u00e1jden\u00fd dreven\u00fd kr\u00ed\u017e. Bol zakliesnen\u00fd medzi stromami a ved\u013ea neho le\u017eal mari\u00e1nsky obraz. Obyvatelia, ktor\u00ed kr\u00ed\u017e na\u0161li, si zaumienili uverejni\u0165 o tom oznam v novin\u00e1ch, aby bolo mo\u017en\u00e9 vr\u00e1ti\u0165 kr\u00ed\u017e jeho majite\u013eovi. Snaha v\u0161ak bola m\u00e1rna, nik sa neprihl\u00e1sil. Preto sa rozhodli necha\u0165 kr\u00ed\u017e obnovi\u0165, sl\u00e1vnostne ho vysv\u00e4ti\u0165 a vzt\u00fd\u010di\u0165 na mieste, kde bol objaven\u00fd. Mari\u00e1nsky obraz bol umiesten\u00fd v nike na ne\u010falekej h\u00e1jovni, ktor\u00e1 tu stoj\u00ed dodnes.<\/p>\n\n\n\n<p>P\u00f4vodn\u00fd dreven\u00fd kr\u00ed\u017e v priebehu nasleduj\u00facich desa\u0165ro\u010d\u00ed v\u00fdrazne pozna\u010dil zub \u010dasu. V roku 1844 sa preto \u010dlenovia Streleck\u00e9ho spolku bratislavsk\u00fdch me\u0161\u0165anov rozhodli nahradi\u0165 ho nov\u00fdm kr\u00ed\u017eom s vyobrazen\u00edm Je\u017ei\u0161a Krista. Nov\u00fd kr\u00ed\u017e vysv\u00e4til far\u00e1r Kremlicska. Z jeho prejavu sa zachovali nasleduj\u00face slov\u00e1: \u201eOdovzd\u00e1vam V\u00e1m tento posv\u00e4ten\u00fd Sv\u00e4t\u00fd Kr\u00ed\u017e s prian\u00edm, aby ste ka\u017edoro\u010dne na pamiatku tohto posv\u00e4tenia vykon\u00e1vali t\u00fato pam\u00e4tn\u00fa sl\u00e1vnos\u0165 a Va\u0161imi modlitbami k Bohu sa sna\u017eili od V\u00e1\u0161ho mesta odvr\u00e1ti\u0165 povodne, po\u017eiare, vojny a mor\u201c. \u00dazemie Petr\u017ealky pre\u0161lo v nasleduj\u00facom obdob\u00ed viacer\u00fdmi premenami, a\u017e sa napokon v 70. rokoch zmenilo na nepoznanie. Kaplnka sv. Kr\u00ed\u017ea so svoj\u00edm okol\u00edm v\u0161ak premen\u00e1m \u010dasu odolala a po svojej rekon\u0161trukcii si dodnes zachov\u00e1va atmosf\u00e9ru pokojn\u00e9ho miesta sp\u00e4t\u00e9ho so zauj\u00edmavou hist\u00f3riou.<\/p>\n\n\n\n<p>Kr\u00e1sna topo\u013eov\u00e1 alej u\u017e neexistuje. Dokonca ani p\u00f4vodn\u00e9 Z\u00e1vodi\u0161te. To sa nach\u00e1dzalo niekde na mieste dne\u0161nej Hrob\u00e1kovej a Dudovej ulice &#8211; stoja tam teda panel\u00e1ky. V h\u00e1jovni sa u\u017e jedl\u00e1 a n\u00e1poje nepod\u00e1vaj\u00fa (h\u00e1jov\u0148a stoj\u00ed dodnes pri kaplnke, ale v are\u00e1li dostihovej dr\u00e1hy). Zostala iba kaplnka s kamenn\u00fdm kr\u00ed\u017eom a na vrchu s malou zvonicou s jedn\u00fdm zvonom, ktor\u00e1 pripom\u00edna probl\u00e9my a starosti obyvate\u013eov Petr\u017ealky. I ke\u010f zmenila okolit\u00e9 prostredie a nie je uprostred lesa, ale uprostred s\u00eddliska. Najv\u00e4\u010d\u0161ieho na Slovensku.<\/p>\n","protected":false},"excerpt":{"rendered":"<p>\u00dazemie Star\u00e9ho h\u00e1ja patr\u00ed dvom petr\u017ealsk\u00fdm farnostiam; okrem tej na\u0161ej aj farnosti na Daliborovom n\u00e1mest\u00ed. &#8222;Deliacou \u010diarou&#8220; je Staroh\u00e1jska ulica. Ale ned\u00e1 sa nespomen\u00fa\u0165 mal\u00e1 kaplnka ne\u010faleko Dostihovej dr\u00e1hy, ktor\u00e1 je pamiatkou na to, \u010do si pre\u017eili p\u00f4vodn\u00ed obyvatelia Petr\u017ealky. Mnoh\u00ed aj na\u0161i farn\u00edci radi vyu\u017e\u00edvaj\u00fa lu\u017en\u00fd les\u00edk, resp. jeho pozostatok na v\u00edkendov\u00e9 popolud\u0148aj\u0161ie \u010di<\/p>\n","protected":false},"author":1,"featured_media":0,"parent":0,"menu_order":0,"comment_status":"closed","ping_status":"closed","template":"","meta":{"footnotes":""},"_links":{"self":[{"href":"https:\/\/svatarodina.fara.sk\/index.php?rest_route=\/wp\/v2\/pages\/46"}],"collection":[{"href":"https:\/\/svatarodina.fara.sk\/index.php?rest_route=\/wp\/v2\/pages"}],"about":[{"href":"https:\/\/svatarodina.fara.sk\/index.php?rest_route=\/wp\/v2\/types\/page"}],"author":[{"embeddable":true,"href":"https:\/\/svatarodina.fara.sk\/index.php?rest_route=\/wp\/v2\/users\/1"}],"replies":[{"embeddable":true,"href":"https:\/\/svatarodina.fara.sk\/index.php?rest_route=%2Fwp%2Fv2%2Fcomments&post=46"}],"version-history":[{"count":7,"href":"https:\/\/svatarodina.fara.sk\/index.php?rest_route=\/wp\/v2\/pages\/46\/revisions"}],"predecessor-version":[{"id":9500,"href":"https:\/\/svatarodina.fara.sk\/index.php?rest_route=\/wp\/v2\/pages\/46\/revisions\/9500"}],"wp:attachment":[{"href":"https:\/\/svatarodina.fara.sk\/index.php?rest_route=%2Fwp%2Fv2%2Fmedia&parent=46"}],"curies":[{"name":"wp","href":"https:\/\/api.w.org\/{rel}","templated":true}]}}