{"id":56,"date":"2020-01-16T13:26:55","date_gmt":"2020-01-16T12:26:55","guid":{"rendered":"https:\/\/svatarodina.fara.sk\/?page_id=56"},"modified":"2026-01-21T16:53:51","modified_gmt":"2026-01-21T15:53:51","slug":"sviatost-krstu","status":"publish","type":"page","link":"https:\/\/svatarodina.fara.sk\/?page_id=56","title":{"rendered":"Sviatos\u0165 krstu"},"content":{"rendered":"\n<figure class=\"wp-block-image size-large\"><img decoding=\"async\" loading=\"lazy\" width=\"1024\" height=\"341\" src=\"https:\/\/svatarodina.fara.sk\/wp-content\/uploads\/2020\/01\/sacraments-krst-1024x341-1.jpg\" alt=\"\" class=\"wp-image-115\" srcset=\"https:\/\/svatarodina.fara.sk\/wp-content\/uploads\/2020\/01\/sacraments-krst-1024x341-1.jpg 1024w, https:\/\/svatarodina.fara.sk\/wp-content\/uploads\/2020\/01\/sacraments-krst-1024x341-1-300x100.jpg 300w, https:\/\/svatarodina.fara.sk\/wp-content\/uploads\/2020\/01\/sacraments-krst-1024x341-1-768x256.jpg 768w\" sizes=\"(max-width: 1024px) 100vw, 1024px\" \/><\/figure>\n\n\n\n<blockquote class=\"wp-block-quote\">\n<p>Sv\u00e4t\u00fd krst je z\u00e1kladom cel\u00e9ho kres\u0165ansk\u00e9ho \u017eivota, vstupnou br\u00e1nou do \u017eivota v Duchu (vitae spiritualis ianua), ako aj br\u00e1nou, ktor\u00e1 otv\u00e1ra pr\u00edstup k ostatn\u00fdm sviatostiam. Krstom sme osloboden\u00ed od hriechu a znovuzroden\u00ed ako Bo\u017eie deti, st\u00e1vame sa Kristov\u00fdmi \u00fadmi, sme za\u010dlenen\u00ed do Cirkvi a dost\u00e1vame \u00fa\u010das\u0165 na jej poslan\u00ed (KKC 1213).<\/p>\n<\/blockquote>\n\n\n\n<p>D\u00f4le\u017eit\u00e9 inform\u00e1cie o podmienkach sl\u00e1venia krstu je mo\u017en\u00e9 dozvedie\u0165 sa&nbsp;<a href=\"http:\/\/www.kbs.sk\/obsah\/sekcia\/h\/dokumenty-a-vyhlasenia\/p\/kodex-kanonickeho-prava\/c\/4-posvacovacia-uloha-cirkvi\" target=\"_blank\" rel=\"noreferrer noopener\">v k\u00e1nonoch 849-879 K\u00f3dexu k\u00e1nonick\u00e9ho pr\u00e1va<\/a>.<\/p>\n\n\n\n<h2 class=\"wp-block-heading\">Krst det\u00ed<\/h2>\n\n\n\n<p>Rodi\u010dia, ktor\u00ed by chceli pokrsti\u0165 svoje die\u0165a, s\u00fa pozvan\u00ed nahl\u00e1si\u0165 krst v \u00faradn\u00fdch hodin\u00e1ch na farskom \u00farade. Pred krstom s\u00fa rodi\u010dia i krstn\u00ed rodi\u010dia pozvan\u00ed k <strong>predkrstnej katech\u00e9ze<\/strong>, ktor\u00e1 b\u00fdva <strong>v druh\u00fa sobotu o 9.00h<\/strong> v Pastora\u010dnom centre. Pou\u010denie o sviatosti krstu sl\u00fa\u017ei rodi\u010dom a krstn\u00fdm rodi\u010dom k pripomenutiu si z\u00e1kladn\u00fdch pr\u00e1vd viery.&nbsp;Pou\u010denie spo\u010d\u00edva v stretnut\u00ed, po\u010das ktor\u00e9ho im k\u0148az vysvetl\u00ed zmysel krstu a symboly ktor\u00e9 sa bud\u00fa pri krste pou\u017e\u00edva\u0165.<\/p>\n\n\n\n<p>Krsty det\u00ed sa vysluhuj\u00fa v <strong>posledn\u00fa nede\u013eu mesiaca<\/strong> vo farskom kostole Sv\u00e4tej rodiny po skon\u010den\u00ed dopo\u013eud\u0148aj\u0161\u00edch sv\u00e4t\u00fdch om\u0161\u00ed (teda o <strong>11.30h<\/strong>).<\/p>\n\n\n\n<p>Pon\u00fakame i mo\u017enos\u0165 krstu <strong>druh\u00fa sobotu v mesiaci o 10.00h<\/strong>. s <strong>katech\u00e9zou o 9.00h.<\/strong> (14.2. 2026 krsty nebud\u00fa)<\/p>\n\n\n\n<p>V pr\u00edpade krstu die\u0165a\u0165a, ktor\u00e9 dosiahlo katechetick\u00fd vek, je mo\u017en\u00e9 spoji\u0165 pr\u00edpravu na krst s pr\u00edpravou na prv\u00e9 sv\u00e4t\u00e9 prij\u00edmanie. Die\u0165a bude pokrsten\u00e9 po\u010das sl\u00e1vnosti prv\u00e9ho sv\u00e4t\u00e9ho prij\u00edmania.<\/p>\n\n\n\n<p>Mnoh\u00ed rodi\u010dia, ktor\u00ed \u017eij\u00fa partnersky mimo man\u017eelstva alebo iba v civilnom man\u017eelstve, pr\u00edp. s\u00fa rozveden\u00ed, sa \u010dasto informuj\u00fa, \u010di ich die\u0165a naroden\u00e9 v mimoman\u017eelskom zv\u00e4zku m\u00f4\u017ee by\u0165 pokrsten\u00e9. Podmienky krstu die\u0165a\u0165a stanovuje cirkevn\u00e9 pr\u00e1vo v nasleduj\u00facich k\u00e1nonoch. P\u00e1n Je\u017ei\u0161 n\u00e1m dal dvojit\u00e9 neoddelite\u013en\u00e9 poslanie: &#8222;U\u010dte a krstite!&#8220; Krst bez odovzdania viery nie je pr\u00edpustn\u00fd. Rodi\u010d berie na seba pri krste svojho die\u0165a\u0165a ve\u013ek\u00fa zodpovednos\u0165 odovzda\u0165 katol\u00edcku vieru svojmu die\u0165a\u0165u, postara\u0165 sa o to, aby die\u0165a bolo vo viere veden\u00e9, vyu\u010den\u00e9 a nau\u010dilo sa \u017ei\u0165 kres\u0165ansk\u00fdm sp\u00f4sobom \u017eivota v katol\u00edckej Cirkvi. Ot\u00e1zku splnenia alebo nesplnenia podmienok m\u00e1 zodpovednos\u0165 pos\u00fadi\u0165 far\u00e1r a radi s rodi\u010dmi osobne tieto veci prediskutujeme, aby sme im pomohli \u010deli\u0165 zodpovednej \u00falohe odovzda\u0165&nbsp;kres\u0165ansk\u00fa v\u00fdchovu die\u0165a\u0165u, ktor\u00e9 m\u00e1 by\u0165 pokrsten\u00e9. Krst je \u010dasto pr\u00edle\u017eitos\u0165ou pok\u00fasi\u0165 sa n\u00e1js\u0165 aj vhodn\u00e9 rie\u0161enie na prekonanie pr\u00edpadn\u00e9ho iregul\u00e1rneho stavu rodi\u010dov, ktor\u00ed ne\u017eij\u00fa v platnom man\u017eelstve alebo povzbudenie pre preh\u013abenie vlastn\u00e9ho \u017eivota viery.<\/p>\n\n\n\n<h2 class=\"wp-block-heading\">Kde \u017eiada\u0165 o krst<\/h2>\n\n\n\n<p>K\u00e1n. 862 &#8211; Okrem nevyhnutn\u00e9ho pr\u00edpadu nikto nesmie bez n\u00e1le\u017eit\u00e9ho dovolenia udeli\u0165 krst na cudzom \u00fazem\u00ed, a to ani svojim podriaden\u00fdm.<\/p>\n\n\n\n<p>K\u00e1n. 530 \u2013 Far\u00e1rovi s\u00fa osobitne zveren\u00e9 tieto \u00fakony: 1. vysluhovanie krstu&#8230;<\/p>\n\n\n\n<p>O krst treba po\u017eiada\u0165 far\u00e1ra v mieste bydliska (v cirkevnom zmysle je to tam, kde \u010dlovek trvalo b\u00fdva, aj ke\u010f tam nem\u00e1 trval\u00fd pobyt). Ak s\u00fa v\u00e1\u017ene d\u00f4vody \u017eiada\u0165 o krst v inej farnosti, treba si od vlastn\u00e9ho far\u00e1ra vy\u017eiada\u0165 povolenie (licenciu) prija\u0165 krst v inej farnosti, vysvetliac mu d\u00f4vody. <\/p>\n\n\n\n<h2 class=\"wp-block-heading\">Podmienky krstu die\u0165a\u0165a<\/h2>\n\n\n\n<p>K\u00e1n. 867 &#8211; \u00a7 1. Rodi\u010dia s\u00fa povinn\u00ed postara\u0165 sa, aby deti boli pokrsten\u00e9 v prv\u00fdch t\u00fd\u017ed\u0148och; \u010d\u00edm sk\u00f4r po naroden\u00ed, ba e\u0161te predt\u00fdm sa maj\u00fa obr\u00e1ti\u0165 na far\u00e1ra, aby po\u017eiadali o sviatos\u0165 pre die\u0165a a aby sa na \u0148u n\u00e1le\u017eite pripravili.<br>\u00a7 2. Ak sa die\u0165a nach\u00e1dza v nebezpe\u010denstve smrti, m\u00e1 sa bezodkladne pokrsti\u0165.<br>K\u00e1n. 868 &#8211; \u00a7 1. Aby sa die\u0165a dovolene pokrstilo, sa vy\u017eaduje:<br>1. aby rodi\u010dia, aspo\u0148 jeden z nich alebo kto ich z\u00e1konne zastupuje, s\u00fahlasili;<br>2. aby bola opodstatnen\u00e1 n\u00e1dej, \u017ee bude vychov\u00e1van\u00e9 v katol\u00edckom n\u00e1bo\u017eenstve; ak tak\u00e1 n\u00e1dej \u00faplne ch\u00fdba, m\u00e1 sa krst pod\u013ea predpisov partikul\u00e1rneho pr\u00e1va odlo\u017ei\u0165, pri\u010dom sa rodi\u010dom vysvetl\u00ed d\u00f4vod.<br>\u00a7 2. Die\u0165a katol\u00edckych, ba aj nekatol\u00edckych rodi\u010dov sa v nebezpe\u010denstve smrti dovolene krst\u00ed aj proti v\u00f4li rodi\u010dov.<\/p>\n\n\n\n<p><strong>Po\u017eiadavky na krstn\u00e9ho rodi\u010da pod\u013ea K\u00f3dexu kanonick\u00e9ho pr\u00e1va (KKP, k\u00e1n. 874). <\/strong><br>\u00a7 1. Aby niekto bol pripusten\u00fd na prijatie \u00falohy krstn\u00e9ho rodi\u010da, je potrebn\u00e9:<br>1. aby ho ur\u010dil s\u00e1m krstenec alebo jeho rodi\u010dia, alebo ich z\u00e1stupca, alebo ak t\u00edto ch\u00fdbaj\u00fa, far\u00e1r alebo vysluhovate\u013e, a aby bol schopn\u00fd a mal \u00famysel plni\u0165 t\u00fato \u00falohu;<br>2. aby zav\u0155\u0161il \u0161estn\u00e1sty rok \u017eivota, ak diec\u00e9zny biskup nestanovil in\u00fd vek alebo ak sa far\u00e1r alebo vysluhovate\u013e domnievaj\u00fa, \u017ee z opr\u00e1vnen\u00e9ho d\u00f4vodu treba pripusti\u0165 v\u00fdnimku;<br>3. aby bol katol\u00edk, pobirmovan\u00fd a ktor\u00fd u\u017e prijal najsv\u00e4tej\u0161iu Eucharistiu, a viedol \u017eivot primeran\u00fd viere a \u00falohe, ktor\u00fa m\u00e1 prija\u0165;<br>4. aby nebol postihnut\u00fd nijak\u00fdm k\u00e1nonick\u00fdm trestom, z\u00e1konne ulo\u017een\u00fdm alebo vyhl\u00e1sen\u00fdm;<br>5. aby nebol otcom alebo matkou krstenca.<\/p>\n\n\n\n<p>\u00a7 2. Pokrsten\u00fd, ktor\u00fd patr\u00ed do nekatol\u00edckej eklezi\u00e1lnej spolo\u010dnosti, sa m\u00e1 pripusti\u0165 jedine spolu s katol\u00edckym krstn\u00fdm rodi\u010dom, a to iba ako svedok krstu.<\/p>\n\n\n\n<p>\u2022 Pred krstom odpor\u00fa\u010dame rodi\u010dom aj krstn\u00fdm rodi\u010dom prija\u0165 sviatos\u0165 zmierenia. Ak rodi\u010dia die\u0165a\u0165a nie s\u00fa sviatostne sob\u00e1\u0161en\u00ed, ochotne im vyjdeme v \u00fastrety pri n\u00e1prave ich man\u017eelstva.<\/p>\n\n\n\n<h2 class=\"wp-block-heading\">Krst dospel\u00fdch<\/h2>\n\n\n\n<p>V pr\u00edpade krstu dospel\u00e9ho je potrebn\u00e9 absolvova\u0165 tzv. katechumen\u00e1t, ktor\u00fd sa za\u010dne v septembri&nbsp;2017 a je potrebn\u00e9 sa nahl\u00e1si\u0165 na farskom \u00farade. Po\u010das katechumen\u00e1tu s\u00fa kandid\u00e1tovi na krst vysvetlen\u00e9 pravdy viery a mor\u00e1lky, sviatostn\u00e9ho kres\u0165ansk\u00e9ho \u017eivota. Pr\u00edpravu m\u00e1 tento rok na starosti vdp. Martin Kramara. Term\u00edn stretnut\u00ed e\u0161te nie je dohodnut\u00fd.<\/p>\n","protected":false},"excerpt":{"rendered":"<p>Sv\u00e4t\u00fd krst je z\u00e1kladom cel\u00e9ho kres\u0165ansk\u00e9ho \u017eivota, vstupnou br\u00e1nou do \u017eivota v Duchu (vitae spiritualis ianua), ako aj br\u00e1nou, ktor\u00e1 otv\u00e1ra pr\u00edstup k ostatn\u00fdm sviatostiam. Krstom sme osloboden\u00ed od hriechu a znovuzroden\u00ed ako Bo\u017eie deti, st\u00e1vame sa Kristov\u00fdmi \u00fadmi, sme za\u010dlenen\u00ed do Cirkvi a dost\u00e1vame \u00fa\u010das\u0165 na jej poslan\u00ed (KKC 1213). D\u00f4le\u017eit\u00e9 inform\u00e1cie o podmienkach<\/p>\n","protected":false},"author":1,"featured_media":0,"parent":0,"menu_order":0,"comment_status":"closed","ping_status":"closed","template":"","meta":{"footnotes":""},"_links":{"self":[{"href":"https:\/\/svatarodina.fara.sk\/index.php?rest_route=\/wp\/v2\/pages\/56"}],"collection":[{"href":"https:\/\/svatarodina.fara.sk\/index.php?rest_route=\/wp\/v2\/pages"}],"about":[{"href":"https:\/\/svatarodina.fara.sk\/index.php?rest_route=\/wp\/v2\/types\/page"}],"author":[{"embeddable":true,"href":"https:\/\/svatarodina.fara.sk\/index.php?rest_route=\/wp\/v2\/users\/1"}],"replies":[{"embeddable":true,"href":"https:\/\/svatarodina.fara.sk\/index.php?rest_route=%2Fwp%2Fv2%2Fcomments&post=56"}],"version-history":[{"count":4,"href":"https:\/\/svatarodina.fara.sk\/index.php?rest_route=\/wp\/v2\/pages\/56\/revisions"}],"predecessor-version":[{"id":10840,"href":"https:\/\/svatarodina.fara.sk\/index.php?rest_route=\/wp\/v2\/pages\/56\/revisions\/10840"}],"wp:attachment":[{"href":"https:\/\/svatarodina.fara.sk\/index.php?rest_route=%2Fwp%2Fv2%2Fmedia&parent=56"}],"curies":[{"name":"wp","href":"https:\/\/api.w.org\/{rel}","templated":true}]}}