{"id":5830,"date":"2020-01-24T20:43:36","date_gmt":"2020-01-24T19:43:36","guid":{"rendered":"https:\/\/svatarodina.fara.sk\/?page_id=5830"},"modified":"2025-01-09T12:18:02","modified_gmt":"2025-01-09T11:18:02","slug":"hlas-svatej-rodiny","status":"publish","type":"page","link":"https:\/\/svatarodina.fara.sk\/?page_id=5830","title":{"rendered":"Hlas Sv\u00e4tej rodiny"},"content":{"rendered":"\n<figure class=\"wp-block-image size-large\"><img decoding=\"async\" loading=\"lazy\" width=\"1000\" height=\"206\" src=\"https:\/\/svatarodina.fara.sk\/wp-content\/uploads\/2020\/01\/Hlas_Svatej_rodiny.jpg\" alt=\"\" class=\"wp-image-5845\" srcset=\"https:\/\/svatarodina.fara.sk\/wp-content\/uploads\/2020\/01\/Hlas_Svatej_rodiny.jpg 1000w, https:\/\/svatarodina.fara.sk\/wp-content\/uploads\/2020\/01\/Hlas_Svatej_rodiny-300x62.jpg 300w, https:\/\/svatarodina.fara.sk\/wp-content\/uploads\/2020\/01\/Hlas_Svatej_rodiny-768x158.jpg 768w\" sizes=\"(max-width: 1000px) 100vw, 1000px\" \/><\/figure>\n\n\n\n<p>Na jese\u0148 roku 2017 sme v\u010faka nov\u00e9mu redak\u010dn\u00e9mu t\u00edmu zalo\u017eili nov\u00fd farsk\u00fd \u010dasopis s&nbsp;n\u00e1zvom \u201eHlas Sv\u00e4tej rodiny\u201c, ktor\u00fd bude pokra\u010dovate\u013eom doteraj\u0161ieho Spravodaja. D\u00fafame, \u017ee sa bude st\u00e1le zlep\u0161ova\u0165 a&nbsp;zve\u013ea\u010fova\u0165 a&nbsp;\u017ee bude cenn\u00fdm prostriedkom komunik\u00e1cie v&nbsp;na\u0161ej farnosti. \u010casopis je nepredajn\u00fd. Vyd\u00e1va ho farnos\u0165 s povolen\u00edm Arcibiskupsk\u00e9ho \u00faradu v Bratislave (\u010d. 4825\/2017), finan\u010dne ho podporuje aj ob\u010dianske zdru\u017eenie <em>Spolo\u010dn\u00e9 dobro<\/em>. M\u00f4\u017eete ho podpori\u0165 aj be\u017en\u00fdm sp\u00f4sobom pri pravidelnej nede\u013enej zbierke pre potreby farnosti. V kostole je redak\u010dn\u00e1 schr\u00e1nka &#8222;Hlas Sv\u00e4rej rodiny&#8220;, do ktorej n\u00e1m m\u00f4\u017eete d\u00e1va\u0165 svoje podnety a postrehy.<\/p>\n\n\n<div class=\"wp-block-image\">\n<figure class=\"aligncenter size-large is-resized\"><img decoding=\"async\" loading=\"lazy\" width=\"1024\" height=\"768\" src=\"https:\/\/svatarodina.fara.sk\/wp-content\/uploads\/2020\/01\/Redakcna-rada.jpg\" alt=\"\" class=\"wp-image-5838\" style=\"width:512px;height:384px\" srcset=\"https:\/\/svatarodina.fara.sk\/wp-content\/uploads\/2020\/01\/Redakcna-rada.jpg 1024w, https:\/\/svatarodina.fara.sk\/wp-content\/uploads\/2020\/01\/Redakcna-rada-300x225.jpg 300w, https:\/\/svatarodina.fara.sk\/wp-content\/uploads\/2020\/01\/Redakcna-rada-768x576.jpg 768w\" sizes=\"(max-width: 1024px) 100vw, 1024px\" \/><\/figure><\/div>\n\n\n<hr class=\"wp-block-separator has-css-opacity\"\/>\n\n\n\n<ol>\n<li>ro\u010dn\u00edk\n<ul>\n<li><a href=\"https:\/\/svatarodina.fara.sk\/?p=5832\">1. \u010d\u00edslo (december 2017)<\/a><\/li>\n\n\n\n<li><a href=\"https:\/\/svatarodina.fara.sk\/?p=5847\">2. \u010d\u00edslo (j\u00fal 2018)<\/a><\/li>\n<\/ul>\n<\/li>\n\n\n\n<li>ro\u010dn\u00edk\n<ul>\n<li><a href=\"https:\/\/svatarodina.fara.sk\/?p=5850\">1. \u010d\u00edslo (december 2018)<\/a><\/li>\n\n\n\n<li><a href=\"https:\/\/svatarodina.fara.sk\/?p=5853\">2. \u010d\u00edslo (j\u00fan 2019)<\/a><\/li>\n<\/ul>\n<\/li>\n\n\n\n<li>ro\u010dn\u00edk\n<ul>\n<li><a href=\"https:\/\/svatarodina.fara.sk\/?p=5856\">1. \u010d\u00edslo (december 2019)<\/a><\/li>\n<\/ul>\n<\/li>\n<\/ol>\n\n\n\n<h3 class=\"wp-block-heading\">4. ro\u010dn\u00edk<\/h3>\n\n\n\n<p>1. \u010d\u00edslo (j\u00fan 2021)<\/p>\n\n\n\n<figure class=\"wp-block-image size-full is-resized\"><a href=\"https:\/\/svatarodina.fara.sk\/?p=7825\" target=\"_blank\" rel=\"noopener\"><img decoding=\"async\" loading=\"lazy\" width=\"595\" height=\"841\" src=\"https:\/\/svatarodina.fara.sk\/wp-content\/uploads\/2021\/12\/Hlas-Svatej-rodiny-2021-jun.jpg\" alt=\"\" class=\"wp-image-7828\" style=\"width:298px;height:421px\" srcset=\"https:\/\/svatarodina.fara.sk\/wp-content\/uploads\/2021\/12\/Hlas-Svatej-rodiny-2021-jun.jpg 595w, https:\/\/svatarodina.fara.sk\/wp-content\/uploads\/2021\/12\/Hlas-Svatej-rodiny-2021-jun-212x300.jpg 212w\" sizes=\"(max-width: 595px) 100vw, 595px\" \/><\/a><\/figure>\n\n\n\n<p>2. \u010d\u00edslo (december 2021)<\/p>\n\n\n\n<figure class=\"wp-block-image size-full is-resized\"><a href=\"https:\/\/svatarodina.fara.sk\/?p=7830\" target=\"_blank\" rel=\"noopener\"><img decoding=\"async\" loading=\"lazy\" width=\"595\" height=\"841\" src=\"https:\/\/svatarodina.fara.sk\/wp-content\/uploads\/2021\/12\/Hlas-Svatej-rodiny-2021-dec-komplet.jpg\" alt=\"\" class=\"wp-image-7832\" style=\"width:298px;height:421px\" srcset=\"https:\/\/svatarodina.fara.sk\/wp-content\/uploads\/2021\/12\/Hlas-Svatej-rodiny-2021-dec-komplet.jpg 595w, https:\/\/svatarodina.fara.sk\/wp-content\/uploads\/2021\/12\/Hlas-Svatej-rodiny-2021-dec-komplet-212x300.jpg 212w\" sizes=\"(max-width: 595px) 100vw, 595px\" \/><\/a><\/figure>\n\n\n\n<h3 class=\"wp-block-heading\">5. ro\u010dn\u00edk<\/h3>\n\n\n\n<ol>\n<li>\u010d\u00edslo (j\u00fal 2022)<\/li>\n<\/ol>\n\n\n\n<figure class=\"wp-block-image size-full is-resized\"><a href=\"https:\/\/svatarodina.fara.sk\/?p=8324\" target=\"_blank\" rel=\"noopener\"><img decoding=\"async\" loading=\"lazy\" width=\"595\" height=\"841\" src=\"https:\/\/svatarodina.fara.sk\/wp-content\/uploads\/2022\/07\/Hlas-Svatej-rodiny-2022-jul-komplet.jpg\" alt=\"\" class=\"wp-image-8326\" style=\"width:298px;height:421px\" srcset=\"https:\/\/svatarodina.fara.sk\/wp-content\/uploads\/2022\/07\/Hlas-Svatej-rodiny-2022-jul-komplet.jpg 595w, https:\/\/svatarodina.fara.sk\/wp-content\/uploads\/2022\/07\/Hlas-Svatej-rodiny-2022-jul-komplet-212x300.jpg 212w\" sizes=\"(max-width: 595px) 100vw, 595px\" \/><\/a><\/figure>\n\n\n\n<p>2. \u010d\u00edslo (december 2022)<\/p>\n\n\n\n<figure class=\"wp-block-image size-full is-resized\"><a href=\"https:\/\/svatarodina.fara.sk\/?p=8986\"><img decoding=\"async\" loading=\"lazy\" width=\"595\" height=\"841\" src=\"https:\/\/svatarodina.fara.sk\/wp-content\/uploads\/2023\/09\/Hlas-Svatej-rodiny-2022-dec.jpg\" alt=\"\" class=\"wp-image-8988\" style=\"width:298px;height:421px\" srcset=\"https:\/\/svatarodina.fara.sk\/wp-content\/uploads\/2023\/09\/Hlas-Svatej-rodiny-2022-dec.jpg 595w, https:\/\/svatarodina.fara.sk\/wp-content\/uploads\/2023\/09\/Hlas-Svatej-rodiny-2022-dec-212x300.jpg 212w\" sizes=\"(max-width: 595px) 100vw, 595px\" \/><\/a><\/figure>\n\n\n\n<h3 class=\"wp-block-heading\">6. ro\u010dn\u00edk<\/h3>\n\n\n\n<p>1. \u010d\u00edslo (j\u00fal 2023)<\/p>\n\n\n\n<figure class=\"wp-block-image size-full is-resized\"><a href=\"https:\/\/svatarodina.fara.sk\/?p=8978\"><img decoding=\"async\" loading=\"lazy\" width=\"595\" height=\"841\" src=\"https:\/\/svatarodina.fara.sk\/wp-content\/uploads\/2023\/09\/Hlas-Svatej-rodiny-2023-komplet-2-1.jpg\" alt=\"\" class=\"wp-image-8980\" style=\"width:298px;height:421px\" srcset=\"https:\/\/svatarodina.fara.sk\/wp-content\/uploads\/2023\/09\/Hlas-Svatej-rodiny-2023-komplet-2-1.jpg 595w, https:\/\/svatarodina.fara.sk\/wp-content\/uploads\/2023\/09\/Hlas-Svatej-rodiny-2023-komplet-2-1-212x300.jpg 212w\" sizes=\"(max-width: 595px) 100vw, 595px\" \/><\/a><\/figure>\n\n\n\n<p>2. \u010d\u00edslo (december 2023)<\/p>\n\n\n\n<figure class=\"wp-block-image size-full is-resized\"><a href=\"https:\/\/svatarodina.fara.sk\/?p=9265\" target=\"_blank\" rel=\"noreferrer noopener\"><img decoding=\"async\" loading=\"lazy\" width=\"595\" height=\"841\" src=\"https:\/\/svatarodina.fara.sk\/wp-content\/uploads\/2023\/12\/Hlas-dec-2023-4.jpg\" alt=\"\" class=\"wp-image-9267\" style=\"object-fit:cover;width:298px;height:421px\" srcset=\"https:\/\/svatarodina.fara.sk\/wp-content\/uploads\/2023\/12\/Hlas-dec-2023-4.jpg 595w, https:\/\/svatarodina.fara.sk\/wp-content\/uploads\/2023\/12\/Hlas-dec-2023-4-212x300.jpg 212w\" sizes=\"(max-width: 595px) 100vw, 595px\" \/><\/a><\/figure>\n\n\n\n<h3 class=\"wp-block-heading\">7. ro\u010dn\u00edk<\/h3>\n\n\n\n<p>1. \u010d\u00edslo (j\u00fal 2024)<\/p>\n\n\n\n<figure class=\"wp-block-image size-full is-resized\"><a href=\"https:\/\/svatarodina.fara.sk\/?p=9869\" target=\"_blank\" rel=\"noreferrer noopener\"><img decoding=\"async\" loading=\"lazy\" width=\"595\" height=\"841\" src=\"https:\/\/svatarodina.fara.sk\/wp-content\/uploads\/2024\/07\/Hlas-1-2024.jpg\" alt=\"\" class=\"wp-image-9871\" style=\"aspect-ratio:0.7074910820451843;width:292px;height:auto\" srcset=\"https:\/\/svatarodina.fara.sk\/wp-content\/uploads\/2024\/07\/Hlas-1-2024.jpg 595w, https:\/\/svatarodina.fara.sk\/wp-content\/uploads\/2024\/07\/Hlas-1-2024-212x300.jpg 212w\" sizes=\"(max-width: 595px) 100vw, 595px\" \/><\/a><\/figure>\n\n\n\n<p>2. \u010d\u00edslo (december 2024)<\/p>\n\n\n\n<figure class=\"wp-block-image size-full is-resized\"><a href=\"https:\/\/svatarodina.fara.sk\/?p=10153\" target=\"_blank\" rel=\"noreferrer noopener\"><img decoding=\"async\" loading=\"lazy\" width=\"595\" height=\"841\" src=\"https:\/\/svatarodina.fara.sk\/wp-content\/uploads\/2025\/01\/Hlas_2-2024.jpg\" alt=\"\" class=\"wp-image-10149\" style=\"width:292px\" srcset=\"https:\/\/svatarodina.fara.sk\/wp-content\/uploads\/2025\/01\/Hlas_2-2024.jpg 595w, https:\/\/svatarodina.fara.sk\/wp-content\/uploads\/2025\/01\/Hlas_2-2024-212x300.jpg 212w\" sizes=\"(max-width: 595px) 100vw, 595px\" \/><\/a><\/figure>\n","protected":false},"excerpt":{"rendered":"<p>Na jese\u0148 roku 2017 sme v\u010faka nov\u00e9mu redak\u010dn\u00e9mu t\u00edmu zalo\u017eili nov\u00fd farsk\u00fd \u010dasopis s&nbsp;n\u00e1zvom \u201eHlas Sv\u00e4tej rodiny\u201c, ktor\u00fd bude pokra\u010dovate\u013eom doteraj\u0161ieho Spravodaja. D\u00fafame, \u017ee sa bude st\u00e1le zlep\u0161ova\u0165 a&nbsp;zve\u013ea\u010fova\u0165 a&nbsp;\u017ee bude cenn\u00fdm prostriedkom komunik\u00e1cie v&nbsp;na\u0161ej farnosti. \u010casopis je nepredajn\u00fd. Vyd\u00e1va ho farnos\u0165 s povolen\u00edm Arcibiskupsk\u00e9ho \u00faradu v Bratislave (\u010d. 4825\/2017), finan\u010dne ho podporuje aj ob\u010dianske<\/p>\n","protected":false},"author":1,"featured_media":0,"parent":0,"menu_order":0,"comment_status":"closed","ping_status":"closed","template":"","meta":{"footnotes":""},"_links":{"self":[{"href":"https:\/\/svatarodina.fara.sk\/index.php?rest_route=\/wp\/v2\/pages\/5830"}],"collection":[{"href":"https:\/\/svatarodina.fara.sk\/index.php?rest_route=\/wp\/v2\/pages"}],"about":[{"href":"https:\/\/svatarodina.fara.sk\/index.php?rest_route=\/wp\/v2\/types\/page"}],"author":[{"embeddable":true,"href":"https:\/\/svatarodina.fara.sk\/index.php?rest_route=\/wp\/v2\/users\/1"}],"replies":[{"embeddable":true,"href":"https:\/\/svatarodina.fara.sk\/index.php?rest_route=%2Fwp%2Fv2%2Fcomments&post=5830"}],"version-history":[{"count":15,"href":"https:\/\/svatarodina.fara.sk\/index.php?rest_route=\/wp\/v2\/pages\/5830\/revisions"}],"predecessor-version":[{"id":10156,"href":"https:\/\/svatarodina.fara.sk\/index.php?rest_route=\/wp\/v2\/pages\/5830\/revisions\/10156"}],"wp:attachment":[{"href":"https:\/\/svatarodina.fara.sk\/index.php?rest_route=%2Fwp%2Fv2%2Fmedia&parent=5830"}],"curies":[{"name":"wp","href":"https:\/\/api.w.org\/{rel}","templated":true}]}}