{"id":8164,"date":"2022-04-27T20:28:04","date_gmt":"2022-04-27T18:28:04","guid":{"rendered":"https:\/\/svatarodina.fara.sk\/?page_id=8164"},"modified":"2022-04-27T20:28:05","modified_gmt":"2022-04-27T18:28:05","slug":"spolocne-dobro-o-z-2","status":"publish","type":"page","link":"https:\/\/svatarodina.fara.sk\/?page_id=8164","title":{"rendered":"Spolo\u010dn\u00e9 dobro o. z."},"content":{"rendered":"\n<p><strong>Ob\u010dianske zdru\u017eenie SALUS COMMUNIS &#8211; SPOLO\u010cN\u00c9 DOBRO<\/strong><\/p>\n\n\n\n<p>Je zdru\u017een\u00edm farn\u00edkov pri Farnosti Sv\u00e4t\u00e1 rodina v Bratislave &#8211; Petr\u017ealke.<\/p>\n\n\n\n<p>Ob\u010dianske zdru\u017eenie <em><strong>Spolo\u010dn\u00e9 dobro (Salus communis)<\/strong><\/em> p\u00f4sob\u00ed pri r\u00edmskokatol\u00edckej farnosti Sv\u00e4tej rodiny v Bratislave-Petr\u017ealke. Zdru\u017eenie vzniklo z iniciat\u00edvy zakladaj\u00facich \u010dlenov ako laick\u00e9 hnutie s cie\u013eom zdru\u017eova\u0165 farn\u00edkov ochotn\u00fdch anga\u017eova\u0165 sa v \u017eivote farnosti a pod\u013ea mo\u017enosti poskytova\u0165 z\u00e1ujemcom inform\u00e1cie \u010di slu\u017eby v duchu princ\u00edpov soci\u00e1lnej n\u00e1uky Katol\u00edckej cirkvi. Spolo\u010dn\u00e9 dobro bolo 21. 10. 2005 riadne zaregistrovan\u00e9 na Ministerstve vn\u00fatra Slovenskej republiky ako ob\u010dianske zdru\u017eenie, \u010do upravuje jeho administrat\u00edvnu spr\u00e1vu a z\u00e1v\u00e4zky vypl\u00fdvaj\u00face zo z\u00e1kona a do istej miery ovplyv\u0148uje aj mo\u017enosti a formy \u010dinnosti. V \u010dase svojho vzniku bolo jedin\u00fdm spolo\u010denstvom farnosti, preto na za\u010diatku svojho p\u00f4sobenia sa jeho \u010dlenovia anga\u017eovali v\u00a0rozli\u010dn\u00fdch oblastiach zoh\u013ead\u0148uj\u00fac potreby farn\u00edkov najm\u00e4 v soci\u00e1lnej a vzdel\u00e1vacej oblasti a h\u013eadali optim\u00e1lny model svojej existencie. Postupne vznikali \u010fal\u0161ie farsk\u00e9 spolo\u010denstv\u00e1 so \u0161pecifick\u00fdm poslan\u00edm, a preto sa v s\u00fa\u010dasnosti men\u00ed postavenie Spolo\u010dn\u00e9ho dobra s cie\u013eom vytv\u00e1ra\u0165 platformu na vz\u00e1jomn\u00fa spolupr\u00e1cu farsk\u00fdch spolo\u010denstiev pri re\u0161pektovan\u00ed pastora\u010dn\u00e9ho pl\u00e1nu farnosti. Vzh\u013eadom na doteraj\u0161ie sk\u00fasenosti z p\u00f4sobenia vo farnosti \u010dlenovia vedenia navrhli zmeny stanov zdru\u017eenia, ktor\u00e9 boli schv\u00e1len\u00e9 valn\u00fdm zhroma\u017eden\u00edm a nadobudli platnos\u0165 7. 12. 2016 ich registr\u00e1ciou na Ministerstve vn\u00fatra SR. Text stanov v plnom znen\u00ed je k dispoz\u00edcii na na\u0161ej str\u00e1nke, kde s\u00fa \u0161pecifikovan\u00e9 ciele a poslanie zdru\u017eenia (viac na str\u00e1nke zdru\u017eenia: <a href=\"http:\/\/salus-communis.sk\" target=\"_blank\" rel=\"noreferrer noopener\">salus-communis.sk<\/a>).\u00a0<\/p>\n\n\n\n<p><br>Vych\u00e1dzaj\u00fac zo \u0161tat\u00fatu Spolo\u010dn\u00e9ho dobra by sme radi zmapovali situ\u00e1ciu vzh\u013eadom na potreby farn\u00edkov a koordinovali pomoc rodin\u00e1m, osamel\u00fdm, star\u0161\u00edm, chor\u00fdm, ktor\u00ed s\u00fa odk\u00e1zan\u00ed na pomoc bl\u00ed\u017enych. Pros\u00edme v\u00e1s o spolupr\u00e1cu pri identifikovan\u00ed tak\u00fdchto \u013eud\u00ed prostredn\u00edctvom inform\u00e1cie na facebooku, osobn\u00fdm kontaktom \u010di na z\u00e1klade mailovej komunik\u00e1cie. Ver\u00edme, \u017ee sa n\u00e1jdu medzi nami ochotn\u00ed poskytovatelia pomoci, ktor\u00ed kres\u0165ansk\u00e9 z\u00e1sady o\u017eivia skutkami l\u00e1sky k bl\u00ed\u017enym.\u00a0<\/p>\n\n\n\n<p><br>Spolo\u010dn\u00e9 dobro sa anga\u017euje pri organizovan\u00ed a pr\u00edprave farsk\u00fdch podujat\u00ed, poskytuje pr\u00edspevky na realiz\u00e1ciu spomienkov\u00fdch sl\u00e1vnost\u00ed a v\u00fdro\u010dn\u00fdch sviatkov, podporuje pr\u00e1cu s de\u0165mi a ml\u00e1de\u017eou, anga\u017euje sa v soci\u00e1lnej oblasti, prispieva na t\u00e1bor det\u00ed a t\u00e1bor rod\u00edn a\u00a0pod. Okrem toho sa podie\u013ea na tvorbe datab\u00e1zy farnosti editovan\u00edm a vyd\u00e1van\u00edm farsk\u00e9ho spravodaja, ktor\u00fd m\u00e1 za \u00falohu informova\u0165 o dian\u00ed vo farnosti, sp\u00e1ja\u0165 spolo\u010denstv\u00e1 a pr\u00edhovormi duchovn\u00fdch otcov aj formova\u0165 myslenie veriacich. V\u0161etky vydan\u00e9 \u010d\u00edsla s\u00fa dostupn\u00e9 na internetovej str\u00e1nke zdru\u017eenia.<\/p>\n\n\n\n<p><br>Zdru\u017eenie je zaregistrovan\u00e9 v zozname prij\u00edmate\u013eov <a href=\"https:\/\/svatarodina.fara.sk\/?page_id=8158\" target=\"_blank\" rel=\"noreferrer noopener\">2% zaplatenej dane z pr\u00edjmov fyzickej resp. pr\u00e1vnickej osoby<\/a>, preto mo\u017eno aj takto podpori\u0165 podujatia realizovan\u00e9 v na\u0161ej farnosti i jednotlivcov, ktor\u00ed pomoc potrebuj\u00fa.<\/p>\n\n\n\n<p><br>Spolo\u010dn\u00e9 dobro m\u00e1 amb\u00edciu nadviaza\u0165 na doteraj\u0161iu \u010dinnos\u0165, a preto vo svojich radoch uv\u00edta v\u0161etk\u00fdch, ktor\u00ed sa chc\u00fa anga\u017eova\u0165 v\u00a0nejakej oblasti a pom\u00f4\u017eu rozv\u00edja\u0165 ducha soci\u00e1lnej a kres\u0165anskej solidarity v na\u0161ej farskej rodine.\u00a0<br>Nech P\u00e1n po\u017eehn\u00e1 na\u0161e rozhodnutia pri spravovan\u00ed zdru\u017eenia a v\u0161etky aktivity pre spolo\u010dn\u00e9 dobro.\u00a0<\/p>\n\n\n\n<p>\u010clenovia v\u00fdkonn\u00e9ho v\u00fdboru&nbsp;<br>Spolo\u010dn\u00e9 dobro (Salus Communis), o. z.&nbsp;<\/p>\n\n\n\n<p class=\"has-vivid-red-color has-text-color\">Roz\u0161\u00edrme svoje rady, h\u013eadajme Bo\u017eie kr\u00e1\u013eovstvo v n\u00e1s a v na\u0161ich srdciach!<\/p>\n","protected":false},"excerpt":{"rendered":"<p>Ob\u010dianske zdru\u017eenie SALUS COMMUNIS &#8211; SPOLO\u010cN\u00c9 DOBRO Je zdru\u017een\u00edm farn\u00edkov pri Farnosti Sv\u00e4t\u00e1 rodina v Bratislave &#8211; Petr\u017ealke. Ob\u010dianske zdru\u017eenie Spolo\u010dn\u00e9 dobro (Salus communis) p\u00f4sob\u00ed pri r\u00edmskokatol\u00edckej farnosti Sv\u00e4tej rodiny v Bratislave-Petr\u017ealke. Zdru\u017eenie vzniklo z iniciat\u00edvy zakladaj\u00facich \u010dlenov ako laick\u00e9 hnutie s cie\u013eom zdru\u017eova\u0165 farn\u00edkov ochotn\u00fdch anga\u017eova\u0165 sa v \u017eivote farnosti a pod\u013ea mo\u017enosti poskytova\u0165<\/p>\n","protected":false},"author":1,"featured_media":0,"parent":0,"menu_order":0,"comment_status":"closed","ping_status":"closed","template":"","meta":{"footnotes":""},"_links":{"self":[{"href":"https:\/\/svatarodina.fara.sk\/index.php?rest_route=\/wp\/v2\/pages\/8164"}],"collection":[{"href":"https:\/\/svatarodina.fara.sk\/index.php?rest_route=\/wp\/v2\/pages"}],"about":[{"href":"https:\/\/svatarodina.fara.sk\/index.php?rest_route=\/wp\/v2\/types\/page"}],"author":[{"embeddable":true,"href":"https:\/\/svatarodina.fara.sk\/index.php?rest_route=\/wp\/v2\/users\/1"}],"replies":[{"embeddable":true,"href":"https:\/\/svatarodina.fara.sk\/index.php?rest_route=%2Fwp%2Fv2%2Fcomments&post=8164"}],"version-history":[{"count":1,"href":"https:\/\/svatarodina.fara.sk\/index.php?rest_route=\/wp\/v2\/pages\/8164\/revisions"}],"predecessor-version":[{"id":8165,"href":"https:\/\/svatarodina.fara.sk\/index.php?rest_route=\/wp\/v2\/pages\/8164\/revisions\/8165"}],"wp:attachment":[{"href":"https:\/\/svatarodina.fara.sk\/index.php?rest_route=%2Fwp%2Fv2%2Fmedia&parent=8164"}],"curies":[{"name":"wp","href":"https:\/\/api.w.org\/{rel}","templated":true}]}}