{"id":82,"date":"2020-01-16T14:24:51","date_gmt":"2020-01-16T13:24:51","guid":{"rendered":"https:\/\/svatarodina.fara.sk\/?page_id=82"},"modified":"2020-01-16T15:36:42","modified_gmt":"2020-01-16T14:36:42","slug":"pohreb","status":"publish","type":"page","link":"https:\/\/svatarodina.fara.sk\/?page_id=82","title":{"rendered":"Pohreb"},"content":{"rendered":"\n<p><strong>Na \u00fazem\u00ed na\u0161ej farnosti sa nenach\u00e1dza \u017eiaden cintor\u00edn.<\/strong>&nbsp;Pohrebn\u00fd obrad je potrebn\u00e9 \u00eds\u0165 dohodn\u00fa\u0165 na farsk\u00fd \u00farad tej farnosti, ktor\u00e1 spravuje dan\u00fd cintor\u00edn, na ktorom bude pohreb. V Bratislave s\u00fa to tieto cintor\u00edny a&nbsp;farsk\u00e9 \u00farady:<\/p>\n\n\n\n<table >\n<tbody>\n<tr>\n<td rowspan=\"2\" valign=\"top\" width=\"205\">Cintor\u00edn<\/td>\n<td rowspan=\"2\" valign=\"top\" width=\"205\">Farnos\u0165<\/td>\n<td valign=\"top\" width=\"205\">\u00daradn\u00e9 hodiny<\/td>\n<\/tr>\n<tr>\n<td valign=\"top\" width=\"205\">Kontakt<\/td>\n<\/tr>\n<tr>\n<td rowspan=\"2\" valign=\"top\" width=\"205\"><strong>Kremat\u00f3rium Bratislava<\/strong><\/td>\n<td rowspan=\"2\" valign=\"top\" width=\"205\">Blument\u00e1l<\/td>\n<td valign=\"top\" width=\"205\">Pondelok \u2013 \u0160tvrtok: 9.00 \u2013 11.00; 14.30 \u2013 16.15.\nPiatok: 9.00 \u2013 11.00<\/td>\n<\/tr>\n<tr>\n<td valign=\"top\" width=\"205\">02 \/ 55 41 02 33<\/td>\n<\/tr>\n<tr>\n<td rowspan=\"2\" valign=\"top\" width=\"205\"><strong>Cintor\u00edn Sl\u00e1vi\u010die \u00fadolie<\/strong><\/td>\n<td rowspan=\"2\" valign=\"top\" width=\"205\">Karlova Ves \u2013 sv. Franti\u0161ka<\/td>\n<td valign=\"top\" width=\"205\">Pondelok \u2013 Piatok: 15.00 \u2013 17.00<\/td>\n<\/tr>\n<tr>\n<td valign=\"top\" width=\"205\">02 \/ 65 42 68 60<\/td>\n<\/tr>\n<tr>\n<td rowspan=\"2\" valign=\"top\" width=\"205\"><strong>Martinsk\u00fd cintor\u00edn<\/strong><\/td>\n<td rowspan=\"2\" valign=\"top\" width=\"205\">Ru\u017einov \u2013 sv. Vincenta<\/td>\n<td valign=\"top\" width=\"205\">Pondelok \u2013 Piatok: 15.00 \u2013 17.00<\/td>\n<\/tr>\n<tr>\n<td valign=\"top\" width=\"205\">02 \/ 43 41 51 58<\/td>\n<\/tr>\n<tr>\n<td rowspan=\"2\" valign=\"top\" width=\"205\"><strong>Cintor\u00edn Ru\u017einov\n(Cintor\u00edn Vraku\u0148a)<\/strong><\/td>\n<td rowspan=\"2\" valign=\"top\" width=\"205\">Ru\u017einov \u2013 sv. Vincenta<\/td>\n<td valign=\"top\" width=\"205\">Pondelok \u2013 Piatok: 15.00 \u2013 17.00<\/td>\n<\/tr>\n<tr>\n<td valign=\"top\" width=\"205\">02 \/ 43 41 51 58<\/td>\n<\/tr>\n<tr>\n<td rowspan=\"2\" valign=\"top\" width=\"205\"><strong>Cintor\u00edn Petr\u017ealka<\/strong><\/td>\n<td rowspan=\"2\" valign=\"top\" width=\"205\">Petr\u017ealka \u2013 Daliborovo n\u00e1m. (verbisti)<\/td>\n<td valign=\"top\" width=\"205\">Pondelok, Streda: 16.00 \u2013 17.00<\/td>\n<\/tr>\n<tr>\n<td valign=\"top\" width=\"205\">02 \/ 63 45 36 98<\/td>\n<\/tr>\n<\/tbody>\n<\/table>\n\n\n\n<p>Pozostal\u00ed, ktor\u00ed vybavuj\u00fa&nbsp;<strong>pohreb<\/strong>&nbsp;pr\u00eddu nahl\u00e1si\u0165 z\u00e1kladn\u00e9 \u00fadaje zosnul\u00e9ho po\u010das \u00faradn\u00fdch hod\u00edn do kancel\u00e1rie farsk\u00e9ho \u00faradu. Term\u00edn pohrebu ur\u010d\u00ed pohrebn\u00e1 slu\u017eba, ktor\u00e1 zabezpe\u010duje v\u0161etky n\u00e1le\u017eitosti. Je potrebn\u00e9, aby pozostal\u00ed priniesli doklad s n\u00e1zvom \u201e<strong>List o prehliadke m\u0155tveho a \u0161tatistick\u00e9 hl\u00e1senie o \u00famrt\u00ed<\/strong>\u201d na farsk\u00fd \u00farad. Po pohrebnom obrade sa \u00fadaje o zosnulom zap\u00ed\u0161u do pohrebnej matriky na farskom \u00farade. V&nbsp;pr\u00edpade osobitn\u00e9ho z\u00e1ujmu je mo\u017enos\u0165, aby pohrebn\u00e9 obrady viedol aj in\u00fd k\u0148az, je to v\u0161ak potrebn\u00e9 zahl\u00e1si\u0165 na pr\u00edslu\u0161nom farskom \u00farade.<\/p>\n\n\n\n<p>Zosnul\u00fdm farn\u00edkom, ktor\u00ed sa podie\u013eali akt\u00edvne na \u017eivote farnosti m\u00f4\u017ee by\u0165 umo\u017enen\u00e9 po predch\u00e1dzaj\u00facej dohode s p\u00e1nom far\u00e1rom a pr\u00edslu\u0161nou pohrebnou slu\u017ebou, aby pohrebn\u00e9 obrady prebehli priamo v kostole. Je v\u0161ak potrebn\u00e9 vykona\u0165 z\u00e1pis do Pohrebnej knihy na pr\u00edslu\u0161nom farskom \u00farade, ktor\u00e9mu patr\u00ed cintor\u00edn, kde bude zosnul\u00fd pochovan\u00fd.<\/p>\n","protected":false},"excerpt":{"rendered":"<p>Na \u00fazem\u00ed na\u0161ej farnosti sa nenach\u00e1dza \u017eiaden cintor\u00edn.&nbsp;Pohrebn\u00fd obrad je potrebn\u00e9 \u00eds\u0165 dohodn\u00fa\u0165 na farsk\u00fd \u00farad tej farnosti, ktor\u00e1 spravuje dan\u00fd cintor\u00edn, na ktorom bude pohreb. V Bratislave s\u00fa to tieto cintor\u00edny a&nbsp;farsk\u00e9 \u00farady: Cintor\u00edn Farnos\u0165 \u00daradn\u00e9 hodiny Kontakt Kremat\u00f3rium Bratislava Blument\u00e1l Pondelok \u2013 \u0160tvrtok: 9.00 \u2013 11.00; 14.30 \u2013 16.15. Piatok: 9.00 \u2013 11.00<\/p>\n","protected":false},"author":1,"featured_media":0,"parent":0,"menu_order":0,"comment_status":"closed","ping_status":"closed","template":"","meta":{"footnotes":""},"_links":{"self":[{"href":"https:\/\/svatarodina.fara.sk\/index.php?rest_route=\/wp\/v2\/pages\/82"}],"collection":[{"href":"https:\/\/svatarodina.fara.sk\/index.php?rest_route=\/wp\/v2\/pages"}],"about":[{"href":"https:\/\/svatarodina.fara.sk\/index.php?rest_route=\/wp\/v2\/types\/page"}],"author":[{"embeddable":true,"href":"https:\/\/svatarodina.fara.sk\/index.php?rest_route=\/wp\/v2\/users\/1"}],"replies":[{"embeddable":true,"href":"https:\/\/svatarodina.fara.sk\/index.php?rest_route=%2Fwp%2Fv2%2Fcomments&post=82"}],"version-history":[{"count":5,"href":"https:\/\/svatarodina.fara.sk\/index.php?rest_route=\/wp\/v2\/pages\/82\/revisions"}],"predecessor-version":[{"id":153,"href":"https:\/\/svatarodina.fara.sk\/index.php?rest_route=\/wp\/v2\/pages\/82\/revisions\/153"}],"wp:attachment":[{"href":"https:\/\/svatarodina.fara.sk\/index.php?rest_route=%2Fwp%2Fv2%2Fmedia&parent=82"}],"curies":[{"name":"wp","href":"https:\/\/api.w.org\/{rel}","templated":true}]}}