{"id":94,"date":"2020-01-16T14:35:24","date_gmt":"2020-01-16T13:35:24","guid":{"rendered":"https:\/\/svatarodina.fara.sk\/?page_id=94"},"modified":"2020-01-16T14:54:03","modified_gmt":"2020-01-16T13:54:03","slug":"sviatost-pomazania-chorych","status":"publish","type":"page","link":"https:\/\/svatarodina.fara.sk\/?page_id=94","title":{"rendered":"Sviatos\u0165 pomazania chor\u00fdch"},"content":{"rendered":"\n<figure class=\"wp-block-image size-large\"><img decoding=\"async\" loading=\"lazy\" width=\"1024\" height=\"341\" src=\"https:\/\/svatarodina.fara.sk\/wp-content\/uploads\/2020\/01\/sacraments-pomazanie-chorych-1024x341-1.jpg\" alt=\"\" class=\"wp-image-119\" srcset=\"https:\/\/svatarodina.fara.sk\/wp-content\/uploads\/2020\/01\/sacraments-pomazanie-chorych-1024x341-1.jpg 1024w, https:\/\/svatarodina.fara.sk\/wp-content\/uploads\/2020\/01\/sacraments-pomazanie-chorych-1024x341-1-300x100.jpg 300w, https:\/\/svatarodina.fara.sk\/wp-content\/uploads\/2020\/01\/sacraments-pomazanie-chorych-1024x341-1-768x256.jpg 768w\" sizes=\"(max-width: 1024px) 100vw, 1024px\" \/><\/figure>\n\n\n\n<blockquote class=\"wp-block-quote\"><p><em>Posv\u00e4tn\u00fdm pomazan\u00edm chor\u00fdch a modlitbou k\u0148azov cel\u00e1 Cirkev odpor\u00fa\u010da chor\u00fdch trpiacemu a osl\u00e1ven\u00e9mu P\u00e1novi, aby im u\u013eavil a ich spasil, ba povzbudzuje ich, aby sa dobrovo\u013ene spojili s Kristovym utrpen\u00edm a jeho smr\u0165ou, a tak prispeli k dobru Bo\u017eieho \u013eudu. (KKC, 1499) <\/em><\/p><\/blockquote>\n\n\n\n<p>Pomazanie chor\u00fdch sa m\u00f4\u017ee udeli\u0165 veriacemu, ktor\u00fd sa v d\u00f4sledku choroby alebo staroby za\u010d\u00edna ocita\u0165 v nebezpe\u010denstve smrti. M\u00f4\u017ee sa opakova\u0165, ak sa chor\u00e9mu zhor\u0161\u00ed zdravotn\u00fd stav.<\/p>\n\n\n\n<p>Pomazanie je vhodn\u00e9 prija\u0165 i v pr\u00edpade odchodu do nemocnice z d\u00f4vodu v\u00e1\u017eneho zdravotn\u00e9ho stavu alebo pri v\u00e1\u017enom lek\u00e1rskom z\u00e1kroku. Treba sa vyhn\u00fa\u0165 ist\u00e9mu strachu, \u017ee ide o &#8222;rozl\u00fa\u010dku so \u017eivotom&#8220;, \u010do navodzoval d\u00e1vnej\u0161\u00ed n\u00e1zov tejto sviatosti &#8222;posledn\u00e9 pomazanie&#8220;.<\/p>\n\n\n\n<p><strong>Sviatos\u0165 vysluhujeme: <\/strong><br><em> Individu\u00e1lne <\/em> &#8211; doma alebo v nemocnici. O jej udelenie m\u00f4\u017eete po\u017eiada\u0165 v na\u0161ej farnosti osobne, telefonicky alebo emailom.<br><em> Hromadne <\/em> &#8211; vysluhujeme pomazanie chor\u00fdch po\u010das sv\u00e4tej om\u0161e na Svetov\u00fd de\u0148 chor\u00fdch (11. febru\u00e1ra). Vtedy ho m\u00f4\u017ee prija\u0165 ka\u017ed\u00fd, kto dov\u0155\u0161il 60-ty rok \u017eivota, alebo sa nach\u00e1dza v \u0165a\u017ekom zdravotnom stave.<\/p>\n\n\n\n<p>Pros\u00edme, aby ste k chor\u00e9mu zavolali k\u0148aza \u010d\u00edm sk\u00f4r a ne\u010dakali, k\u00fdm bude v bezvedom\u00ed. Ve\u010f pr\u00e1ve t\u00e1to sviatos\u0165 prin\u00e1\u0161a chor\u00e9mu pokoj, silu a odvahu na prem\u00e1hanie bolesti a \u0165a\u017ekost\u00ed a m\u00f4\u017ee pripravi\u0165 jeho srdce pok\u00e1n\u00edm a d\u00f4verou.<\/p>\n","protected":false},"excerpt":{"rendered":"<p>Posv\u00e4tn\u00fdm pomazan\u00edm chor\u00fdch a modlitbou k\u0148azov cel\u00e1 Cirkev odpor\u00fa\u010da chor\u00fdch trpiacemu a osl\u00e1ven\u00e9mu P\u00e1novi, aby im u\u013eavil a ich spasil, ba povzbudzuje ich, aby sa dobrovo\u013ene spojili s Kristovym utrpen\u00edm a jeho smr\u0165ou, a tak prispeli k dobru Bo\u017eieho \u013eudu. (KKC, 1499) Pomazanie chor\u00fdch sa m\u00f4\u017ee udeli\u0165 veriacemu, ktor\u00fd sa v d\u00f4sledku choroby alebo staroby<\/p>\n","protected":false},"author":1,"featured_media":0,"parent":0,"menu_order":0,"comment_status":"closed","ping_status":"closed","template":"","meta":{"footnotes":""},"_links":{"self":[{"href":"https:\/\/svatarodina.fara.sk\/index.php?rest_route=\/wp\/v2\/pages\/94"}],"collection":[{"href":"https:\/\/svatarodina.fara.sk\/index.php?rest_route=\/wp\/v2\/pages"}],"about":[{"href":"https:\/\/svatarodina.fara.sk\/index.php?rest_route=\/wp\/v2\/types\/page"}],"author":[{"embeddable":true,"href":"https:\/\/svatarodina.fara.sk\/index.php?rest_route=\/wp\/v2\/users\/1"}],"replies":[{"embeddable":true,"href":"https:\/\/svatarodina.fara.sk\/index.php?rest_route=%2Fwp%2Fv2%2Fcomments&post=94"}],"version-history":[{"count":2,"href":"https:\/\/svatarodina.fara.sk\/index.php?rest_route=\/wp\/v2\/pages\/94\/revisions"}],"predecessor-version":[{"id":120,"href":"https:\/\/svatarodina.fara.sk\/index.php?rest_route=\/wp\/v2\/pages\/94\/revisions\/120"}],"wp:attachment":[{"href":"https:\/\/svatarodina.fara.sk\/index.php?rest_route=%2Fwp%2Fv2%2Fmedia&parent=94"}],"curies":[{"name":"wp","href":"https:\/\/api.w.org\/{rel}","templated":true}]}}